{"id":13,"date":"2012-03-30T16:12:12","date_gmt":"2012-03-30T14:12:12","guid":{"rendered":"http:\/\/gsc-ratisbona.de\/wordpress\/?page_id=13"},"modified":"2024-03-30T19:22:46","modified_gmt":"2024-03-30T18:22:46","slug":"tremmelhausen","status":"publish","type":"page","link":"https:\/\/gsc-ratisbona.de\/wp\/?page_id=13","title":{"rendered":"Tremmelhausen"},"content":{"rendered":"<p><img loading=\"lazy\" decoding=\"async\" class=\" wp-image-2662 alignright\" src=\"https:\/\/gsc-ratisbona.de\/wp\/wp-content\/uploads\/2018\/06\/Windrose_Tremmel-213x300.jpg\" alt=\"\" width=\"219\" height=\"308\" srcset=\"https:\/\/gsc-ratisbona.de\/wp\/wp-content\/uploads\/2018\/06\/Windrose_Tremmel-213x300.jpg 213w, https:\/\/gsc-ratisbona.de\/wp\/wp-content\/uploads\/2018\/06\/Windrose_Tremmel-107x150.jpg 107w, https:\/\/gsc-ratisbona.de\/wp\/wp-content\/uploads\/2018\/06\/Windrose_Tremmel.jpg 429w\" sizes=\"auto, (max-width: 219px) 100vw, 219px\" \/><strong><img loading=\"lazy\" decoding=\"async\" class=\"alignnone wp-image-2845\" src=\"https:\/\/gsc-ratisbona.de\/wp\/wp-content\/uploads\/TN_Gelaendebeschreibung.png\" alt=\"\" width=\"19\" height=\"19\" \/>\u00a0Fluggel\u00e4ndebeschreibung:<br \/>\n<\/strong>Tremmelhausen ist als viel genutztes \u00dcbungsgel\u00e4nde ideal geeignet, um seine F\u00e4higkeiten im Groundhandling zu perfektionieren. Egal ob Sommer oder Winter, vorw\u00e4rts- und r\u00fcckw\u00e4rts Aufziehen oder einfach nur im Wind spielen &#8211; Tremmelhausen ist es immer wert. Aufgrund der Hufeisenform und freien Anstr\u00f6mung kann bei allen Windrichtungen um Ost geflogen werden. Bei kr\u00e4ftigem Wind sind sogar Soaringfl\u00fcge m\u00f6glich. Bitte das Gel\u00e4nde aber\u00a0nicht untersch\u00e4tzen. Die umgebenden Felder und Wiesen sind thermisch sehr aktiv und verursachen in Kombination mit Grundwind anspruchsvolle Bedingungen.<\/p>\n<p><strong><img loading=\"lazy\" decoding=\"async\" class=\"alignnone wp-image-2840\" src=\"https:\/\/gsc-ratisbona.de\/wp\/wp-content\/uploads\/Thumbnail_Parkplatz.jpg\" alt=\"\" width=\"19\" height=\"20\" \/>\u00a0Anfahrt und Parken:<br \/>\n<\/strong>Geparkt wird auf der gepflasterten Weggabelung direkt neben dem Gel\u00e4nde an der Stra\u00dfe.<br \/>\nEs ist so zu Parken dass auch gr\u00f6\u00dfere Landmaschinen (inkl. angeh\u00e4ngten Maschinen) noch gut vorbeikommen.<br \/>\nBitte nicht an der nordwestlich gelegenen Weggabelung oder entlang der Stra\u00dfe parken. Wenn (zu) viele Kollegen am Start sind, bitte in den nahe gelegenen Ort ausweichen.\u00a0Link zu Tremmelhausen in <a href=\"http:\/\/maps.google.de\/maps\/ms?msa=0&amp;msid=213018374689986878452.0004bd4315c9b3f3cb81d&amp;hl=de&amp;ie=UTF8&amp;t=h&amp;ll=49.051145,12.052839&amp;spn=0.00675,0.013733&amp;z=18&amp;source=embed\">Google Maps<\/a>.<\/p>\n<p><img loading=\"lazy\" decoding=\"async\" class=\"alignnone wp-image-2994\" src=\"https:\/\/gsc-ratisbona.de\/wp\/wp-content\/uploads\/2018\/06\/Luftbild-Tremmelhausen-1024x562.jpg\" alt=\"\" width=\"800\" height=\"439\" srcset=\"https:\/\/gsc-ratisbona.de\/wp\/wp-content\/uploads\/2018\/06\/Luftbild-Tremmelhausen-1024x562.jpg 1024w, https:\/\/gsc-ratisbona.de\/wp\/wp-content\/uploads\/2018\/06\/Luftbild-Tremmelhausen-300x165.jpg 300w, https:\/\/gsc-ratisbona.de\/wp\/wp-content\/uploads\/2018\/06\/Luftbild-Tremmelhausen-768x421.jpg 768w, https:\/\/gsc-ratisbona.de\/wp\/wp-content\/uploads\/2018\/06\/Luftbild-Tremmelhausen-150x82.jpg 150w, https:\/\/gsc-ratisbona.de\/wp\/wp-content\/uploads\/2018\/06\/Luftbild-Tremmelhausen.jpg 2000w\" sizes=\"auto, (max-width: 800px) 100vw, 800px\" \/><\/p>\n<p><strong><img loading=\"lazy\" decoding=\"async\" class=\"alignnone wp-image-2751\" src=\"https:\/\/gsc-ratisbona.de\/wp\/wp-content\/uploads\/windsack_startplatz.png\" alt=\"\" width=\"20\" height=\"20\" \/>\u00a0Starten und\u00a0<\/strong><strong><img loading=\"lazy\" decoding=\"async\" class=\"alignnone wp-image-2750\" src=\"https:\/\/gsc-ratisbona.de\/wp\/wp-content\/uploads\/windsack_landeplatz.png\" alt=\"\" width=\"20\" height=\"20\" \/>\u00a0Landen:\u00a0<\/strong><br \/>\n<span style=\"color: #000000;\">Das Gel\u00e4nde wird haupts\u00e4chlich zum Handling genutzt. Starten und Landen bitte nur innerhalb der blau umrandeten Fl\u00e4che.<br \/>\nInsbesondere der rot markierte Teil unterhalb ist nicht zu betreten.\u00a0<\/span><\/p>\n<p><strong><img loading=\"lazy\" decoding=\"async\" class=\"alignnone wp-image-2846\" src=\"https:\/\/gsc-ratisbona.de\/wp\/wp-content\/uploads\/TN-Gefahren.png\" alt=\"\" width=\"19\" height=\"16\" \/>\u00a0Gefahren und Hinweise:<\/strong><\/p>\n<ul>\n<li>Bitte das Gel\u00e4nde nicht untersch\u00e4tzen. Die umgebenden Felder und Wiesen sind thermisch sehr aktiv. Dein Schirm w\u00e4re nicht der erste in den B\u00fcschen nahe dem Parkplatz.<\/li>\n<li>Wir nutzen das Gel\u00e4nde gemeinsam mit dem <a href=\"https:\/\/www.flugzentrum-bayerwald.de\/\">Flugzentrum Bayerwald<\/a>. Bitte nehmt ggf. R\u00fccksicht auf Sch\u00fcler.<\/li>\n<li>Bitte helft uns die Natur bewahren und schmei\u00dft nichts weg. Raucher nehmen die Kippen bitte auch wieder mit. Wir freuen uns \u00fcber jeden Gast, aber hier gibt&#8217;s keine Kompromisse.<\/li>\n<li>Die Nutzung des Gel\u00e4ndes ist grunds\u00e4tzlich nur f\u00fcr folgende Piloten erlaubt:<br \/>\n&#8211; Flugsch\u00fcler, welche sich in Ausbildung beim <a href=\"https:\/\/www.flugzentrum-bayerwald.de\/\">Flugzentrum Bayerwald<\/a> befinden.<br \/>\n&#8211; Mitglieder des GSC Ratisbona.<br \/>\n&#8211; Mitglieder weiterer DHV-Vereine.<br \/>\nUm auch anderen Piloten die Benutzung des Fluggel\u00e4ndes Tremmelhausen zu erm\u00f6glichen,\u00a0haben wir uns f\u00fcr die Einf\u00fchrung einer Jahres-Berechtigungskarte entschieden.<br \/>\nDie Karte kann f\u00fcr einen Betrag von 20\u20ac beim GSC Ratisbona erworben werden und gilt\u00a0jeweils f\u00fcr ein Kalenderjahr.<br \/>\nWer eine Berechtigungskarte erwerben m\u00f6chte, \u00fcberweist bitte den Betrag von 20,-\u20ac auf\u00a0das Konto des GSC Ratisbona:<\/li>\n<\/ul>\n<p style=\"padding-left: 60px;\">Volksbank Regensburg,\u00a0IBAN: DE10750900000000613037<em><br \/>\n<\/em>und schickt eine e-mail an:\u00a0<a href=\"mailto:Kassier@GSC-Ratisbona.de\">Kassier@GSC-Ratisbona.de<\/a><\/p>\n<p style=\"padding-left: 30px;\">Die Berechtigungskarte wird dann als PDF-Anhang per e-mail zum Ausdrucken und\u00a0Ausschneiden zugesandt.<\/p>\n<ul>\n<li>Alle Piloten mit Ausnahme der Sch\u00fcler des <a href=\"https:\/\/www.flugzentrum-bayerwald.de\/\">Flugzentrum Bayerwald<\/a> m\u00fcssen auf Verlangen folgende Nachweise\u00a0vorlegen k\u00f6nnen:<br \/>\n&#8211; Mitgliedsausweis des GSC bzw. eines anderen Gleitschirmclubs oder eine g\u00fcltige Berechtigungskarte<br \/>\n&#8211; Beschr\u00e4nkter Luftfahrerschein\/ A-Schein oder Sonderpilotenschein<br \/>\n&#8211; Versicherungsnachweis<br \/>\nJedes Mitglied des GSC Ratisbona oder des <a href=\"https:\/\/www.flugzentrum-bayerwald.de\/\">Flugzentrum Bayerwald<\/a> ist berechtigt Gastflieger zu kontrollieren.<\/li>\n<\/ul>\n<p><strong><img loading=\"lazy\" decoding=\"async\" class=\"alignnone wp-image-2852\" src=\"https:\/\/gsc-ratisbona.de\/wp\/wp-content\/uploads\/TN-Flugbeschraenkung.png\" alt=\"\" width=\"19\" height=\"19\" \/>\u00a0Flugbeschr\u00e4nkungen:<\/strong><\/p>\n<ul>\n<li>Die benachbarten Wiesen und Felder d\u00fcrfen nicht genutzt werden &#8211; insbesondere nicht die Wiese unterhalb des Fluggel\u00e4ndes (vgl. Bild oben).<\/li>\n<\/ul>\n<p>Details siehe <a href=\"https:\/\/gsc-ratisbona.de\/wp\/wp-content\/uploads\/2024\/03\/220423_Flugordnung_Tremmelhausen.pdf\">Flugordnung Tremmelhausen<\/a><\/p>\n<p>Als Flieger bist Du in Tremmelhausen ein willkommener Gast. Halte Dich bitte an die Flugordnung, um einen reibungslosen und unfallfreien Flugbetrieb zu gew\u00e4hrleisten. Nur so kann uns dieses sch\u00f6ne Fluggel\u00e4nde auch in Zukunft erhalten bleiben. Die nahe gelegene Gastronomie ist immer f\u00fcr ein Landebier gut.<\/p>\n<h6><a href=\"#top\">Zum Seitenanfang<\/a><\/h6>\n","protected":false},"excerpt":{"rendered":"<p>\u00a0Fluggel\u00e4ndebeschreibung: Tremmelhausen ist als viel genutztes \u00dcbungsgel\u00e4nde ideal geeignet, um seine F\u00e4higkeiten im Groundhandling zu perfektionieren. Egal ob Sommer oder Winter, vorw\u00e4rts- und r\u00fcckw\u00e4rts Aufziehen oder einfach nur im Wind spielen &#8211; Tremmelhausen ist es immer wert. Aufgrund der Hufeisenform und freien Anstr\u00f6mung kann bei allen Windrichtungen um Ost geflogen werden. Bei kr\u00e4ftigem Wind sind&#8230;&nbsp;(<a href=\"https:\/\/gsc-ratisbona.de\/wp\/?page_id=13\">weiterlesen<\/a>)<\/p>\n","protected":false},"author":9,"featured_media":0,"parent":11,"menu_order":0,"comment_status":"closed","ping_status":"closed","template":"","meta":{"_mc_calendar":[],"footnotes":""},"class_list":["post-13","page","type-page","status-publish","hentry"],"_links":{"self":[{"href":"https:\/\/gsc-ratisbona.de\/wp\/index.php?rest_route=\/wp\/v2\/pages\/13","targetHints":{"allow":["GET"]}}],"collection":[{"href":"https:\/\/gsc-ratisbona.de\/wp\/index.php?rest_route=\/wp\/v2\/pages"}],"about":[{"href":"https:\/\/gsc-ratisbona.de\/wp\/index.php?rest_route=\/wp\/v2\/types\/page"}],"author":[{"embeddable":true,"href":"https:\/\/gsc-ratisbona.de\/wp\/index.php?rest_route=\/wp\/v2\/users\/9"}],"replies":[{"embeddable":true,"href":"https:\/\/gsc-ratisbona.de\/wp\/index.php?rest_route=%2Fwp%2Fv2%2Fcomments&post=13"}],"version-history":[{"count":37,"href":"https:\/\/gsc-ratisbona.de\/wp\/index.php?rest_route=\/wp\/v2\/pages\/13\/revisions"}],"predecessor-version":[{"id":4611,"href":"https:\/\/gsc-ratisbona.de\/wp\/index.php?rest_route=\/wp\/v2\/pages\/13\/revisions\/4611"}],"up":[{"embeddable":true,"href":"https:\/\/gsc-ratisbona.de\/wp\/index.php?rest_route=\/wp\/v2\/pages\/11"}],"wp:attachment":[{"href":"https:\/\/gsc-ratisbona.de\/wp\/index.php?rest_route=%2Fwp%2Fv2%2Fmedia&parent=13"}],"curies":[{"name":"wp","href":"https:\/\/api.w.org\/{rel}","templated":true}]}}