{"id":15,"date":"2012-03-30T16:12:21","date_gmt":"2012-03-30T14:12:21","guid":{"rendered":"http:\/\/gsc-ratisbona.de\/wordpress\/?page_id=15"},"modified":"2024-03-30T19:20:33","modified_gmt":"2024-03-30T18:20:33","slug":"kallmunz","status":"publish","type":"page","link":"https:\/\/gsc-ratisbona.de\/wp\/?page_id=15","title":{"rendered":"Kallm\u00fcnz"},"content":{"rendered":"<p><img loading=\"lazy\" decoding=\"async\" class=\"alignright wp-image-2663\" src=\"https:\/\/gsc-ratisbona.de\/wp\/wp-content\/uploads\/2018\/06\/Windrose_Kallmuenz-257x300.jpg\" alt=\"\" width=\"275\" height=\"321\" srcset=\"https:\/\/gsc-ratisbona.de\/wp\/wp-content\/uploads\/2018\/06\/Windrose_Kallmuenz-257x300.jpg 257w, https:\/\/gsc-ratisbona.de\/wp\/wp-content\/uploads\/2018\/06\/Windrose_Kallmuenz-129x150.jpg 129w, https:\/\/gsc-ratisbona.de\/wp\/wp-content\/uploads\/2018\/06\/Windrose_Kallmuenz.jpg 513w\" sizes=\"auto, (max-width: 275px) 100vw, 275px\" \/><\/p>\n<p><strong><img loading=\"lazy\" decoding=\"async\" class=\"alignnone wp-image-2845\" src=\"https:\/\/gsc-ratisbona.de\/wp\/wp-content\/uploads\/TN_Gelaendebeschreibung.png\" alt=\"\" width=\"19\" height=\"19\" \/>\u00a0Fluggel\u00e4ndebeschreibung:<br \/><\/strong>Der Startplatz liegt nahe des malerischen Orts Kallm\u00fcnz, gut 20km nordwestlich von Regensburg. Mit einem tollen Panoramablick \u00fcber das Naabtal und auf die Burg von Kallm\u00fcnz ist die langgezogene Hangkante eine echtes Sahnest\u00fcck. Trotz des recht geringen H\u00f6henunterschieds von nur ca. 80m sind stundenlange Fl\u00fcge in dynamischem Handaufwind und Thermik m\u00f6glich.\u00a0Eine Startgeb\u00fchr wird nicht erhoben. Startberechtig sind alle Mitglieder eines Gleitschirm-Vereins.<\/p>\n<p><strong><img loading=\"lazy\" decoding=\"async\" class=\"alignnone wp-image-2840\" src=\"https:\/\/gsc-ratisbona.de\/wp\/wp-content\/uploads\/Thumbnail_Parkplatz.jpg\" alt=\"\" width=\"19\" height=\"20\" \/>\u00a0Anfahrt und Parken:<\/strong><br \/>Von Regensburg kommend \u00fcber die B8 entlang des malerischen Naabtals. Alternativ Ausfahrt Beratzhausen (#95) auf der A3 Regensburg \u2013 N\u00fcrnberg. Direkt in Kallm\u00fcnz die Naabbr\u00fccke nutzen und nach rechts der Stra\u00dfe durch den Ort folgen. Bitte unbedingt auf dem Parkplatz entlang der Stra\u00dfe am Ortsende von Kallm\u00fcnz parken (vgl. Bild unten). Von dort aus sind es nur 300m zum Abzweig Richtung Startplatz. Parken direkt am Abzweig oder entlang der Stra\u00dfe ist nicht gestattet. Im Bereich des Landeplatzes herrscht absolutes Halte- bzw. Parkverbot \u2013 nicht zum Einladen, Ratschen oder sonst irgendwas. Bitte nicht (schr\u00e4g) gegen\u00fcber des Landeplatzes in den Buchten parken. Link zu Kallm\u00fcnz in <a href=\"https:\/\/goo.gl\/maps\/cgDB5cmGqKx\">Google Maps<\/a>.<\/p>\n<p><img loading=\"lazy\" decoding=\"async\" class=\"alignnone wp-image-4033 \" src=\"https:\/\/gsc-ratisbona.de\/wp\/wp-content\/uploads\/2021\/05\/Beschreibung_Kallmuenz-1024x677.jpg\" alt=\"\" width=\"829\" height=\"549\" srcset=\"https:\/\/gsc-ratisbona.de\/wp\/wp-content\/uploads\/2021\/05\/Beschreibung_Kallmuenz-1024x677.jpg 1024w, https:\/\/gsc-ratisbona.de\/wp\/wp-content\/uploads\/2021\/05\/Beschreibung_Kallmuenz-300x198.jpg 300w, https:\/\/gsc-ratisbona.de\/wp\/wp-content\/uploads\/2021\/05\/Beschreibung_Kallmuenz-768x508.jpg 768w, https:\/\/gsc-ratisbona.de\/wp\/wp-content\/uploads\/2021\/05\/Beschreibung_Kallmuenz-1536x1015.jpg 1536w, https:\/\/gsc-ratisbona.de\/wp\/wp-content\/uploads\/2021\/05\/Beschreibung_Kallmuenz-150x99.jpg 150w, https:\/\/gsc-ratisbona.de\/wp\/wp-content\/uploads\/2021\/05\/Beschreibung_Kallmuenz.jpg 1702w\" sizes=\"auto, (max-width: 829px) 100vw, 829px\" \/><\/p>\n<p><strong><img loading=\"lazy\" decoding=\"async\" class=\"alignnone wp-image-2751\" src=\"https:\/\/gsc-ratisbona.de\/wp\/wp-content\/uploads\/windsack_startplatz.png\" alt=\"\" width=\"20\" height=\"20\" \/>\u00a0Startplatz:\u00a0<\/strong><br \/>Den Startplatz erreicht man zu Fu\u00df \u00fcber den Schotterweg entlang des Hangs. Bevor es Richtung Burg weitergeht rechts abbiegen und weiter bergauf. Der Startplatz befindet sich unmittelbar neben dem Gipfelkreuz. Aufgrund des begrenzten Platzes bitte auf der Fl\u00e4che dahinter fertig machen und zum Start an die Kante kommen. Bitte auf ein gutes Miteinander in der Luft und die Einhaltung der Hangflugregeln achten, auch wenn dies im Zweifel bedeutet landen gehen zu m\u00fcssen. Keine Zwischenlandungen im Hangbereich (Naturschutzgebiet).<\/p>\n<p><strong><img loading=\"lazy\" decoding=\"async\" class=\"alignnone wp-image-2750\" src=\"https:\/\/gsc-ratisbona.de\/wp\/wp-content\/uploads\/windsack_landeplatz.png\" alt=\"\" width=\"20\" height=\"20\" \/>\u00a0Landeplatz:\u00a0<\/strong><br \/>Gelandet wird auf einem Streifen entlang der Stra\u00dfe Richtung Ortschaft am Fu\u00dfe des Berges. Bei zu viel Betrieb im Landebereich oder bei missgl\u00fcckter Landeeinteilung kann auf die Wiese jenseits der Stra\u00dfe ausgewichen werden. Bitte das Einlanden auf den umliegenden Feldern unbedingt vermeiden. Zusammengepackt wird entlang des Radwegs am Rand des Landeplatzes.<\/p>\n<p><strong><img loading=\"lazy\" decoding=\"async\" class=\"alignnone wp-image-2846\" src=\"https:\/\/gsc-ratisbona.de\/wp\/wp-content\/uploads\/TN-Gefahren.png\" alt=\"\" width=\"19\" height=\"16\" \/>\u00a0Gefahren und Hinweise:<\/strong><\/p>\n<ul>\n<li>JEDER Gastpilot soll sich vor dem ersten Flug eine Einweisung durch ein Vereinsmitglied geben lassen. Die Vergangenheit hat leider gezeigt, dass sich nicht alle Gastpiloten im Vorfeld ausreichend informieren.<\/li>\n<li>Achtung, Klippenstart. R\u00fcckwarts aufziehen muss beherrscht werden. F\u00fcr Anf\u00e4nger nicht geeignet.<\/li>\n<li>Gefahr durch Lee-Rotor hinter der Kante beachten &#8211; insbesondere beim Top-Landen.<\/li>\n<li>Bitte helft uns die Natur bewahren und schmei\u00dft nichts weg. Raucher nehmen die Kippen bitte wieder mit. Wir freuen uns \u00fcber jeden Gast, aber hier gibt&#8217;s keine Kompromisse.<\/li>\n<li>Alle Piloten m\u00fcssen folgende Ausweise auf Verlangen vorlegen k\u00f6nnen:<br \/>&#8211; Mitgliedsausweis des GSC bzw. eines anderen Gleitschirmclubs.<br \/>&#8211; Beschr\u00e4nkter Luftfahrerschein\/ A-Schein oder Sonderpilotenschein<br \/>&#8211; Versicherungsnachweis<br \/>Jedes Mitglied des GSC Ratisbona ist berechtigt Gastflieger zu kontrollieren.<\/li>\n<\/ul>\n<p><strong><img loading=\"lazy\" decoding=\"async\" class=\"alignnone wp-image-2852\" src=\"https:\/\/gsc-ratisbona.de\/wp\/wp-content\/uploads\/TN-Flugbeschraenkung.png\" alt=\"\" width=\"19\" height=\"19\" \/>\u00a0Flugbeschr\u00e4nkungen:<\/strong><\/p>\n<ul>\n<li>Die Flugverbotszone ED-R137 Hohenfels ist zu beachten (Truppen\u00fcbungsplatz).<\/li>\n<li>Vom 01.01. bis einschlie\u00dflich 30.06. ist das \u00dcberfliegen des Felsmassivs \u201cEichenberg\u201d (nord\u00f6stlich unseres Gel\u00e4ndes) zum Schutz der dort br\u00fctenden Kollegen (Uhu und Wanderfalken) strikt verboten.<\/li>\n<li>Um die Ansiedlung eines Wanderfalkens ggf. nicht zu gef\u00e4hrden, darf vom 01.01. bis einschlie\u00dflich 15.03. im Bereich der Burg nicht geflogen werden. Ausnahme: Sehr gute Thermiktage mit \u00dcberflug &gt;500m AGL. Wendepunkt ist die M\u00fcndung des Altwassers in die Naab.<br \/>Wird im Zeitraum bis zum 15.03. ein br\u00fctendes P\u00e4rchen beobachtet, erfolgt gemeinsam mit dem Bund Naturschutz eine Festlegung bis wann die &gt;500m AGL Regel weiter gilt. Sp\u00e4testens mit Ausflug der Jungen ist keine Sonderregel mehr notwendig.<br \/>Sollte bis zum 15.03. kein Br\u00fcten festgestellt werden, darf im Bereich der Burg wieder mit &gt;50m H\u00f6he oberhalb des Burgeingangs \/ der Hangkante geflogen werden (K\u00f6rperh\u00f6he Pilot). Bitte unbedingt mit ausreichend Puffer fliegen. Bei Missachtung beh\u00e4lt sich der Verein ein Startverbot vor.<br \/>In 2021 und 2022 wurde kein Brutpaar festgestellt.<\/li>\n<\/ul>\n<p>Details siehe auch <a href=\"https:\/\/gsc-ratisbona.de\/wp\/wp-content\/uploads\/2024\/03\/220423_Flugordnung_Kallmuenz.pdf\">Flugordnung Kallm\u00fcnz<\/a><\/p>\n<p>Als Flieger bist Du in Kallm\u00fcnz ein willkommener Gast. F\u00fcr ein gutes Miteinander am Hang auch bei viel Betrieb empfehlen wir die Lekt\u00fcre &#8222;<a href=\"https:\/\/gsc-ratisbona.de\/wp\/wp-content\/uploads\/2021\/01\/210121_Hangflug_fuer_Fortgeschrittene.pdf\">Hangflug f\u00fcr Fortgeschrittene<\/a>&#8222;. Halte Dich bitte an die Flugordnung, um einen reibungslosen und unfallfreien Flugbetrieb zu gew\u00e4hrleisten. Nur so kann uns dieses sch\u00f6ne Fluggel\u00e4nde auch in Zukunft erhalten bleiben. Die lokale Gastronomie ist mehr als ein Landebier wert.<\/p>\n<h6><a href=\"#top\">Zum Seitenanfang<\/a><\/h6>\n\n\n<p><\/p>\n","protected":false},"excerpt":{"rendered":"<p>\u00a0Fluggel\u00e4ndebeschreibung:Der Startplatz liegt nahe des malerischen Orts Kallm\u00fcnz, gut 20km nordwestlich von Regensburg. Mit einem tollen Panoramablick \u00fcber das Naabtal und auf die Burg von Kallm\u00fcnz ist die langgezogene Hangkante eine echtes Sahnest\u00fcck. Trotz des recht geringen H\u00f6henunterschieds von nur ca. 80m sind stundenlange Fl\u00fcge in dynamischem Handaufwind und Thermik m\u00f6glich.\u00a0Eine Startgeb\u00fchr wird nicht erhoben&#8230;.&nbsp;(<a href=\"https:\/\/gsc-ratisbona.de\/wp\/?page_id=15\">weiterlesen<\/a>)<\/p>\n","protected":false},"author":9,"featured_media":0,"parent":11,"menu_order":0,"comment_status":"closed","ping_status":"closed","template":"","meta":{"_mc_calendar":[],"footnotes":""},"class_list":["post-15","page","type-page","status-publish","hentry"],"_links":{"self":[{"href":"https:\/\/gsc-ratisbona.de\/wp\/index.php?rest_route=\/wp\/v2\/pages\/15","targetHints":{"allow":["GET"]}}],"collection":[{"href":"https:\/\/gsc-ratisbona.de\/wp\/index.php?rest_route=\/wp\/v2\/pages"}],"about":[{"href":"https:\/\/gsc-ratisbona.de\/wp\/index.php?rest_route=\/wp\/v2\/types\/page"}],"author":[{"embeddable":true,"href":"https:\/\/gsc-ratisbona.de\/wp\/index.php?rest_route=\/wp\/v2\/users\/9"}],"replies":[{"embeddable":true,"href":"https:\/\/gsc-ratisbona.de\/wp\/index.php?rest_route=%2Fwp%2Fv2%2Fcomments&post=15"}],"version-history":[{"count":58,"href":"https:\/\/gsc-ratisbona.de\/wp\/index.php?rest_route=\/wp\/v2\/pages\/15\/revisions"}],"predecessor-version":[{"id":4609,"href":"https:\/\/gsc-ratisbona.de\/wp\/index.php?rest_route=\/wp\/v2\/pages\/15\/revisions\/4609"}],"up":[{"embeddable":true,"href":"https:\/\/gsc-ratisbona.de\/wp\/index.php?rest_route=\/wp\/v2\/pages\/11"}],"wp:attachment":[{"href":"https:\/\/gsc-ratisbona.de\/wp\/index.php?rest_route=%2Fwp%2Fv2%2Fmedia&parent=15"}],"curies":[{"name":"wp","href":"https:\/\/api.w.org\/{rel}","templated":true}]}}