{"id":17,"date":"2012-03-30T16:12:46","date_gmt":"2012-03-30T14:12:46","guid":{"rendered":"http:\/\/gsc-ratisbona.de\/wordpress\/?page_id=17"},"modified":"2024-03-30T18:54:57","modified_gmt":"2024-03-30T17:54:57","slug":"winzerer-hohen","status":"publish","type":"page","link":"https:\/\/gsc-ratisbona.de\/wp\/?page_id=17","title":{"rendered":"Winzerer H\u00f6hen"},"content":{"rendered":"<p><span style=\"color: #ff0000;\"><img loading=\"lazy\" decoding=\"async\" class=\" wp-image-2778 alignright\" src=\"https:\/\/gsc-ratisbona.de\/wp\/wp-content\/uploads\/Windrose_Winzer.jpg\" alt=\"\" width=\"249\" height=\"314\" srcset=\"https:\/\/gsc-ratisbona.de\/wp\/wp-content\/uploads\/Windrose_Winzer.jpg 452w, https:\/\/gsc-ratisbona.de\/wp\/wp-content\/uploads\/Windrose_Winzer-238x300.jpg 238w, https:\/\/gsc-ratisbona.de\/wp\/wp-content\/uploads\/Windrose_Winzer-119x150.jpg 119w\" sizes=\"auto, (max-width: 249px) 100vw, 249px\" \/><\/span><\/p>\n<p><strong><img loading=\"lazy\" decoding=\"async\" class=\"alignnone wp-image-2845\" src=\"https:\/\/gsc-ratisbona.de\/wp\/wp-content\/uploads\/TN_Gelaendebeschreibung.png\" alt=\"\" width=\"19\" height=\"19\" \/>\u00a0Fluggel\u00e4ndebeschreibung:<br \/>\n<\/strong>Die Winzerer H\u00f6hen sind ein Fluggebiet im Stadtgebiet Regensburg. Die etwa 100m hohe und knapp 2km lange Hangkante l\u00e4dt zu ausgedehnten Soaringfl\u00fcgen bei S\u00fcdwind ein. Oft gibt es durch die S\u00fcdhanglage guten Thermikanschluss. Aufgrund des klippen\u00e4hnlichen Startplatzes und der begrenzten Landem\u00f6glichkeiten darf das Gel\u00e4nde nur mit unbeschr\u00e4nktem Luftfahrerschein (B-Schein) genutzt werden. Bei Wind mit Ostkomponente ist das Gel\u00e4nde schlecht zu fliegen und zu landen.<\/p>\n<p><strong><img loading=\"lazy\" decoding=\"async\" class=\"alignnone wp-image-2840\" src=\"https:\/\/gsc-ratisbona.de\/wp\/wp-content\/uploads\/Thumbnail_Parkplatz.jpg\" alt=\"\" width=\"19\" height=\"20\" \/>\u00a0Anfahrt und Parken:<\/strong><br \/>\n\u00dcber der die A93, Ausfahrt Regensburg-Pfaffenstein (#39), dann Abbiegen stadtausw\u00e4rts Richtung Etterzhausen, gelangt man \u00fcber die B8 zum Ortsteil Winzer. Autos werden entlang der Ortsstra\u00dfe mit R\u00fccksicht auf Anwohner abgestellt. Ab hier geht es zu Fu\u00df den \u201eKagerer Weg\u201c hinauf zum Startplatz auf die Winzerer H\u00f6hen. Bitte nicht auf den Winzerer H\u00f6hen am Geh\u00f6ft hinter dem Startplatz 2 parken. Link zu den Winzerer H\u00f6hen in <u><a href=\"https:\/\/goo.gl\/maps\/2tKUqbqhLZE2\">Google Maps.<\/a><\/u><\/p>\n<p><img loading=\"lazy\" decoding=\"async\" class=\"alignnone wp-image-4043 \" src=\"https:\/\/gsc-ratisbona.de\/wp\/wp-content\/uploads\/2021\/05\/Beschreibung_Winzer-1-1024x629.jpg\" alt=\"\" width=\"825\" height=\"507\" srcset=\"https:\/\/gsc-ratisbona.de\/wp\/wp-content\/uploads\/2021\/05\/Beschreibung_Winzer-1-1024x629.jpg 1024w, https:\/\/gsc-ratisbona.de\/wp\/wp-content\/uploads\/2021\/05\/Beschreibung_Winzer-1-300x184.jpg 300w, https:\/\/gsc-ratisbona.de\/wp\/wp-content\/uploads\/2021\/05\/Beschreibung_Winzer-1-768x472.jpg 768w, https:\/\/gsc-ratisbona.de\/wp\/wp-content\/uploads\/2021\/05\/Beschreibung_Winzer-1-1536x944.jpg 1536w, https:\/\/gsc-ratisbona.de\/wp\/wp-content\/uploads\/2021\/05\/Beschreibung_Winzer-1-150x92.jpg 150w, https:\/\/gsc-ratisbona.de\/wp\/wp-content\/uploads\/2021\/05\/Beschreibung_Winzer-1.jpg 1818w\" sizes=\"auto, (max-width: 825px) 100vw, 825px\" \/><\/p>\n<p><strong><img loading=\"lazy\" decoding=\"async\" class=\"alignnone wp-image-2751\" src=\"https:\/\/gsc-ratisbona.de\/wp\/wp-content\/uploads\/windsack_startplatz.png\" alt=\"\" width=\"20\" height=\"20\" \/>\u00a0Startplatz:\u00a0<\/strong><br \/>\nStartplatz 1 liegt oberhalb des Weges auf die Winzerer H\u00f6hen. Der Startplatz 2 liegt direkt am Weg entlang der Winzerer H\u00f6hen vor dem Geh\u00f6ft.<\/p>\n<p><strong><img loading=\"lazy\" decoding=\"async\" class=\"alignnone wp-image-2750\" src=\"https:\/\/gsc-ratisbona.de\/wp\/wp-content\/uploads\/windsack_landeplatz.png\" alt=\"\" width=\"20\" height=\"20\" \/>\u00a0Landeplatz:\u00a0<\/strong><br \/>\nDas Gel\u00e4nde wird bevorzugt genutzt, wenn Toplanden m\u00f6glich ist. Hierzu gibt es ausreichend gro\u00dfe Wiesen im Bereich der Startpl\u00e4tze. Gelandet wird im Hang westlich des Fu\u00dfweges. Im Notlangem\u00f6glichkeit kann der Feldweg parallel zur G\u00e4rtnerei genutzt werden. Bitte beide Landeoptionen unbedingt vorab besichtigen und auf die Hindernisse im Tal achten. Das Gel\u00e4nde der G\u00e4rtnerei ist ebenso tabu wie die Wiesen westlich der Feuerwehr!<\/p>\n<p><strong><img loading=\"lazy\" decoding=\"async\" class=\"alignnone wp-image-2846\" src=\"https:\/\/gsc-ratisbona.de\/wp\/wp-content\/uploads\/TN-Gefahren.png\" alt=\"\" width=\"19\" height=\"16\" \/>\u00a0Gefahren und Hinweise:<\/strong><\/p>\n<ul>\n<li>Das Gel\u00e4nde erfordert Erfahrung &#8211; insbesondere beim Landen. Fliegen ist daher nur mit unbeschr\u00e4nktem Luftfahrerschein (B-Schein) erlaubt. Nicht bei SO Wind fliegen.<\/li>\n<li>Gefahr durch Lee-Rotor hinter der Kante beachten. Nicht bei stark b\u00f6igem Wind fliegen.<\/li>\n<li>Aufgrund der exponierten Lage ist der Flugbetrieb inkl. m\u00f6glicher Baumlandungen aus halb Regensburg einsehbar. R\u00fccksichtnahme auf die Anwohner, z.B. beim Parken, ist selbstverst\u00e4ndlich.<\/li>\n<li>Bitte helft uns die Natur bewahren und schmei\u00dft nichts weg. Raucher nehmen die Kippen bitte auch wieder mit. Wir freuen uns \u00fcber jeden Gast, aber hier gibt\u2019s keine Kompromisse.<\/li>\n<li>Alle Piloten m\u00fcssen folgende Ausweise auf Verlangen vorlegen k\u00f6nnen:<br \/>\n\u2013 Mitgliedsausweis des GSC bzw. eines anderen Gleitschirmclubs.<br \/>\n\u2013 Unbeschr\u00e4nkter Luftfahrerschein\/ B-Schein oder Sonderpilotenschein<br \/>\n\u2013 Versicherungsnachweis<br \/>\nJedes Mitglied des GSC Ratisbona ist berechtigt Gastflieger zu kontrollieren.<\/li>\n<\/ul>\n<p><strong><img loading=\"lazy\" decoding=\"async\" class=\"alignnone wp-image-2852\" src=\"https:\/\/gsc-ratisbona.de\/wp\/wp-content\/uploads\/TN-Flugbeschraenkung.png\" alt=\"\" width=\"19\" height=\"19\" \/>\u00a0Flugbeschr\u00e4nkungen:<\/strong><\/p>\n<ul>\n<li>Einlanden auf dem Gel\u00e4nde der G\u00e4rtnerei oder auf der Wiese \u00f6stlich der Feuerwehr ist tabu. Hier hat es bereits entsprechende Vorf\u00e4lle gegeben, die nicht zur Verbesserung der Nachbarschaft beigetragen haben.<\/li>\n<\/ul>\n<p>Details siehe <a href=\"https:\/\/gsc-ratisbona.de\/wp\/wp-content\/uploads\/2024\/03\/220423_Flugordnung_Winzer_web.pdf\">Flugordnung Winzerer H\u00f6hen<\/a><\/p>\n<p>Als Flieger bist Du an den Winzerer H\u00f6hen ein willkommener Gast. Halte Dich bitte an die Flugordnung, um einen reibungslosen und unfallfreien Flugbetrieb zu gew\u00e4hrleisten. Nur so kann uns dieses sch\u00f6ne Fluggel\u00e4nde auch in Zukunft erhalten bleiben.<\/p>\n<h6><a href=\"#top\">Zum Seitenanfang<\/a><\/h6>\n","protected":false},"excerpt":{"rendered":"<p>\u00a0Fluggel\u00e4ndebeschreibung: Die Winzerer H\u00f6hen sind ein Fluggebiet im Stadtgebiet Regensburg. Die etwa 100m hohe und knapp 2km lange Hangkante l\u00e4dt zu ausgedehnten Soaringfl\u00fcgen bei S\u00fcdwind ein. Oft gibt es durch die S\u00fcdhanglage guten Thermikanschluss. Aufgrund des klippen\u00e4hnlichen Startplatzes und der begrenzten Landem\u00f6glichkeiten darf das Gel\u00e4nde nur mit unbeschr\u00e4nktem Luftfahrerschein (B-Schein) genutzt werden. Bei Wind mit&#8230;&nbsp;(<a href=\"https:\/\/gsc-ratisbona.de\/wp\/?page_id=17\">weiterlesen<\/a>)<\/p>\n","protected":false},"author":9,"featured_media":0,"parent":11,"menu_order":0,"comment_status":"closed","ping_status":"closed","template":"","meta":{"_mc_calendar":[],"footnotes":""},"class_list":["post-17","page","type-page","status-publish","hentry"],"_links":{"self":[{"href":"https:\/\/gsc-ratisbona.de\/wp\/index.php?rest_route=\/wp\/v2\/pages\/17","targetHints":{"allow":["GET"]}}],"collection":[{"href":"https:\/\/gsc-ratisbona.de\/wp\/index.php?rest_route=\/wp\/v2\/pages"}],"about":[{"href":"https:\/\/gsc-ratisbona.de\/wp\/index.php?rest_route=\/wp\/v2\/types\/page"}],"author":[{"embeddable":true,"href":"https:\/\/gsc-ratisbona.de\/wp\/index.php?rest_route=\/wp\/v2\/users\/9"}],"replies":[{"embeddable":true,"href":"https:\/\/gsc-ratisbona.de\/wp\/index.php?rest_route=%2Fwp%2Fv2%2Fcomments&post=17"}],"version-history":[{"count":22,"href":"https:\/\/gsc-ratisbona.de\/wp\/index.php?rest_route=\/wp\/v2\/pages\/17\/revisions"}],"predecessor-version":[{"id":4607,"href":"https:\/\/gsc-ratisbona.de\/wp\/index.php?rest_route=\/wp\/v2\/pages\/17\/revisions\/4607"}],"up":[{"embeddable":true,"href":"https:\/\/gsc-ratisbona.de\/wp\/index.php?rest_route=\/wp\/v2\/pages\/11"}],"wp:attachment":[{"href":"https:\/\/gsc-ratisbona.de\/wp\/index.php?rest_route=%2Fwp%2Fv2%2Fmedia&parent=17"}],"curies":[{"name":"wp","href":"https:\/\/api.w.org\/{rel}","templated":true}]}}