{"id":477,"date":"2012-04-07T16:02:49","date_gmt":"2012-04-07T14:02:49","guid":{"rendered":"http:\/\/gsc-ratisbona.de\/wordpress\/?page_id=477"},"modified":"2025-08-04T17:00:21","modified_gmt":"2025-08-04T15:00:21","slug":"impressum","status":"publish","type":"page","link":"https:\/\/gsc-ratisbona.de\/wp\/?page_id=477","title":{"rendered":"Impressum"},"content":{"rendered":"<p><strong>Gleitschirmclub Ratisbona e. V.<\/strong><br \/>\nStefan Weber<br \/>\nKuhweide 5<br \/>\n93138 Lappersdorf<br \/>\nGeschaeftsfuehrer (at)\u00a0GSC-Ratisbona.de<br \/>\nInternet: www.GSC-Ratisbona.de<\/p>\n<p>Vertretungsberechtigter Vorstand: Dr. Christoph G\u00e4rditz, Dominik Schmeer<br \/>\nRegistergericht: Amtsgericht Regensburg<br \/>\nRegisternummer: VR 950<\/p>\n<p>Inhaltlich Verantwortlicher gem\u00e4\u00df \u00a7 10 Absatz 3 MDStV: Vorstand GSC Ratisbona e.V.<br \/>\nInformationen zum Datenschutz finden Sie <a href=\"https:\/\/gsc-ratisbona.de\/wp\/wp-content\/uploads\/2020\/11\/201101_DSGVO_GSC_Ratisbona.pdf\">hier<\/a>.<\/p>\n<p>Haftungshinweis: Trotz sorgf\u00e4ltiger inhaltlicher Kontrolle \u00fcbernehmen wir keine Haftung f\u00fcr die Inhalte externer Links. F\u00fcr den Inhalt der verlinkten Seiten sind ausschlie\u00dflich deren Betreiber verantwortlich.<\/p>\n","protected":false},"excerpt":{"rendered":"<p>Gleitschirmclub Ratisbona e. V. Stefan Weber Kuhweide 5 93138 Lappersdorf Geschaeftsfuehrer (at)\u00a0GSC-Ratisbona.de Internet: www.GSC-Ratisbona.de Vertretungsberechtigter Vorstand: Dr. Christoph G\u00e4rditz, Dominik Schmeer Registergericht: Amtsgericht Regensburg Registernummer: VR 950 Inhaltlich Verantwortlicher gem\u00e4\u00df \u00a7 10 Absatz 3 MDStV: Vorstand GSC Ratisbona e.V. Informationen zum Datenschutz finden Sie hier. Haftungshinweis: Trotz sorgf\u00e4ltiger inhaltlicher Kontrolle \u00fcbernehmen wir keine Haftung f\u00fcr&#8230;&nbsp;(<a href=\"https:\/\/gsc-ratisbona.de\/wp\/?page_id=477\">weiterlesen<\/a>)<\/p>\n","protected":false},"author":3,"featured_media":0,"parent":0,"menu_order":0,"comment_status":"closed","ping_status":"closed","template":"","meta":{"_mc_calendar":[],"footnotes":""},"class_list":["post-477","page","type-page","status-publish","hentry"],"_links":{"self":[{"href":"https:\/\/gsc-ratisbona.de\/wp\/index.php?rest_route=\/wp\/v2\/pages\/477","targetHints":{"allow":["GET"]}}],"collection":[{"href":"https:\/\/gsc-ratisbona.de\/wp\/index.php?rest_route=\/wp\/v2\/pages"}],"about":[{"href":"https:\/\/gsc-ratisbona.de\/wp\/index.php?rest_route=\/wp\/v2\/types\/page"}],"author":[{"embeddable":true,"href":"https:\/\/gsc-ratisbona.de\/wp\/index.php?rest_route=\/wp\/v2\/users\/3"}],"replies":[{"embeddable":true,"href":"https:\/\/gsc-ratisbona.de\/wp\/index.php?rest_route=%2Fwp%2Fv2%2Fcomments&post=477"}],"version-history":[{"count":6,"href":"https:\/\/gsc-ratisbona.de\/wp\/index.php?rest_route=\/wp\/v2\/pages\/477\/revisions"}],"predecessor-version":[{"id":4705,"href":"https:\/\/gsc-ratisbona.de\/wp\/index.php?rest_route=\/wp\/v2\/pages\/477\/revisions\/4705"}],"wp:attachment":[{"href":"https:\/\/gsc-ratisbona.de\/wp\/index.php?rest_route=%2Fwp%2Fv2%2Fmedia&parent=477"}],"curies":[{"name":"wp","href":"https:\/\/api.w.org\/{rel}","templated":true}]}}